{"id":898,"date":"2023-12-07T09:19:14","date_gmt":"2023-12-07T09:19:14","guid":{"rendered":"https:\/\/sandovalpablo.com\/?page_id=898"},"modified":"2023-12-07T12:26:14","modified_gmt":"2023-12-07T12:26:14","slug":"el-nuevo-catalogo-messier","status":"publish","type":"page","link":"https:\/\/sandovalpablo.com\/?page_id=898","title":{"rendered":"El Nuevo Cat\u00e1logo Messier"},"content":{"rendered":"\n<p><strong><em>El nuevo cat\u00e1logo Messier<\/em><\/strong><br>110 infograf\u00edas y v\u00eddeo, medidas variables, 2023<\/p>\n\n\n\n<figure class=\"wp-block-gallery has-nested-images columns-default is-cropped wp-block-gallery-1 is-layout-flex wp-block-gallery-is-layout-flex\">\n<figure class=\"wp-block-image size-large\"><img decoding=\"async\" loading=\"lazy\" width=\"1024\" height=\"576\" data-id=\"972\" src=\"https:\/\/sandovalpablo.com\/wp-content\/uploads\/2023\/12\/Imagen-de-WhatsApp-2023-11-02-a-las-13.45.33_43901bf6-1024x576.jpg\" alt=\"\" class=\"wp-image-972\" srcset=\"https:\/\/sandovalpablo.com\/wp-content\/uploads\/2023\/12\/Imagen-de-WhatsApp-2023-11-02-a-las-13.45.33_43901bf6-1024x576.jpg 1024w, https:\/\/sandovalpablo.com\/wp-content\/uploads\/2023\/12\/Imagen-de-WhatsApp-2023-11-02-a-las-13.45.33_43901bf6-300x169.jpg 300w, https:\/\/sandovalpablo.com\/wp-content\/uploads\/2023\/12\/Imagen-de-WhatsApp-2023-11-02-a-las-13.45.33_43901bf6-768x432.jpg 768w, https:\/\/sandovalpablo.com\/wp-content\/uploads\/2023\/12\/Imagen-de-WhatsApp-2023-11-02-a-las-13.45.33_43901bf6-1536x864.jpg 1536w, https:\/\/sandovalpablo.com\/wp-content\/uploads\/2023\/12\/Imagen-de-WhatsApp-2023-11-02-a-las-13.45.33_43901bf6.jpg 2048w\" sizes=\"(max-width: 1024px) 100vw, 1024px\" \/><\/figure>\n<\/figure>\n\n\n\n<p><\/p>\n\n\n\n<figure class=\"wp-block-gallery has-nested-images columns-4 is-cropped wp-block-gallery-3 is-layout-flex wp-block-gallery-is-layout-flex\">\n<figure class=\"wp-block-image size-large\"><img decoding=\"async\" loading=\"lazy\" width=\"724\" height=\"1024\" data-id=\"984\" src=\"https:\/\/sandovalpablo.com\/wp-content\/uploads\/2023\/12\/1-1-724x1024.jpg\" alt=\"\" class=\"wp-image-984\" srcset=\"https:\/\/sandovalpablo.com\/wp-content\/uploads\/2023\/12\/1-1-724x1024.jpg 724w, https:\/\/sandovalpablo.com\/wp-content\/uploads\/2023\/12\/1-1-212x300.jpg 212w, https:\/\/sandovalpablo.com\/wp-content\/uploads\/2023\/12\/1-1-768x1086.jpg 768w, https:\/\/sandovalpablo.com\/wp-content\/uploads\/2023\/12\/1-1-1086x1536.jpg 1086w, https:\/\/sandovalpablo.com\/wp-content\/uploads\/2023\/12\/1-1-1448x2048.jpg 1448w, https:\/\/sandovalpablo.com\/wp-content\/uploads\/2023\/12\/1-1-scaled.jpg 1810w\" sizes=\"(max-width: 724px) 100vw, 724px\" \/><\/figure>\n\n\n\n<figure class=\"wp-block-image size-large\"><img decoding=\"async\" loading=\"lazy\" width=\"724\" height=\"1024\" data-id=\"975\" src=\"https:\/\/sandovalpablo.com\/wp-content\/uploads\/2023\/12\/6-2-724x1024.jpg\" alt=\"\" class=\"wp-image-975\" srcset=\"https:\/\/sandovalpablo.com\/wp-content\/uploads\/2023\/12\/6-2-724x1024.jpg 724w, https:\/\/sandovalpablo.com\/wp-content\/uploads\/2023\/12\/6-2-212x300.jpg 212w, https:\/\/sandovalpablo.com\/wp-content\/uploads\/2023\/12\/6-2-768x1086.jpg 768w, https:\/\/sandovalpablo.com\/wp-content\/uploads\/2023\/12\/6-2-1086x1536.jpg 1086w, https:\/\/sandovalpablo.com\/wp-content\/uploads\/2023\/12\/6-2-1448x2048.jpg 1448w, https:\/\/sandovalpablo.com\/wp-content\/uploads\/2023\/12\/6-2-scaled.jpg 1810w\" sizes=\"(max-width: 724px) 100vw, 724px\" \/><\/figure>\n\n\n\n<figure class=\"wp-block-image size-large\"><img decoding=\"async\" loading=\"lazy\" width=\"724\" height=\"1024\" data-id=\"981\" src=\"https:\/\/sandovalpablo.com\/wp-content\/uploads\/2023\/12\/9-1-724x1024.jpg\" alt=\"\" class=\"wp-image-981\" srcset=\"https:\/\/sandovalpablo.com\/wp-content\/uploads\/2023\/12\/9-1-724x1024.jpg 724w, https:\/\/sandovalpablo.com\/wp-content\/uploads\/2023\/12\/9-1-212x300.jpg 212w, https:\/\/sandovalpablo.com\/wp-content\/uploads\/2023\/12\/9-1-768x1086.jpg 768w, https:\/\/sandovalpablo.com\/wp-content\/uploads\/2023\/12\/9-1-1086x1536.jpg 1086w, https:\/\/sandovalpablo.com\/wp-content\/uploads\/2023\/12\/9-1-1448x2048.jpg 1448w, https:\/\/sandovalpablo.com\/wp-content\/uploads\/2023\/12\/9-1-scaled.jpg 1810w\" sizes=\"(max-width: 724px) 100vw, 724px\" \/><\/figure>\n\n\n\n<figure class=\"wp-block-image size-large\"><img decoding=\"async\" loading=\"lazy\" width=\"724\" height=\"1024\" data-id=\"987\" src=\"https:\/\/sandovalpablo.com\/wp-content\/uploads\/2023\/12\/71-724x1024.jpg\" alt=\"\" class=\"wp-image-987\" srcset=\"https:\/\/sandovalpablo.com\/wp-content\/uploads\/2023\/12\/71-724x1024.jpg 724w, https:\/\/sandovalpablo.com\/wp-content\/uploads\/2023\/12\/71-212x300.jpg 212w, https:\/\/sandovalpablo.com\/wp-content\/uploads\/2023\/12\/71-768x1086.jpg 768w, https:\/\/sandovalpablo.com\/wp-content\/uploads\/2023\/12\/71-1086x1536.jpg 1086w, https:\/\/sandovalpablo.com\/wp-content\/uploads\/2023\/12\/71-1448x2048.jpg 1448w, https:\/\/sandovalpablo.com\/wp-content\/uploads\/2023\/12\/71-scaled.jpg 1810w\" sizes=\"(max-width: 724px) 100vw, 724px\" \/><\/figure>\n\n\n\n<figure class=\"wp-block-image size-large\"><img decoding=\"async\" loading=\"lazy\" width=\"724\" height=\"1024\" data-id=\"986\" src=\"https:\/\/sandovalpablo.com\/wp-content\/uploads\/2023\/12\/53-1-724x1024.jpg\" alt=\"\" class=\"wp-image-986\" srcset=\"https:\/\/sandovalpablo.com\/wp-content\/uploads\/2023\/12\/53-1-724x1024.jpg 724w, https:\/\/sandovalpablo.com\/wp-content\/uploads\/2023\/12\/53-1-212x300.jpg 212w, https:\/\/sandovalpablo.com\/wp-content\/uploads\/2023\/12\/53-1-768x1086.jpg 768w, https:\/\/sandovalpablo.com\/wp-content\/uploads\/2023\/12\/53-1-1086x1536.jpg 1086w, https:\/\/sandovalpablo.com\/wp-content\/uploads\/2023\/12\/53-1-1448x2048.jpg 1448w, https:\/\/sandovalpablo.com\/wp-content\/uploads\/2023\/12\/53-1-scaled.jpg 1810w\" sizes=\"(max-width: 724px) 100vw, 724px\" \/><\/figure>\n\n\n\n<figure class=\"wp-block-image size-large\"><img decoding=\"async\" loading=\"lazy\" width=\"724\" height=\"1024\" data-id=\"983\" src=\"https:\/\/sandovalpablo.com\/wp-content\/uploads\/2023\/12\/25-724x1024.jpg\" alt=\"\" class=\"wp-image-983\" srcset=\"https:\/\/sandovalpablo.com\/wp-content\/uploads\/2023\/12\/25-724x1024.jpg 724w, https:\/\/sandovalpablo.com\/wp-content\/uploads\/2023\/12\/25-212x300.jpg 212w, https:\/\/sandovalpablo.com\/wp-content\/uploads\/2023\/12\/25-768x1086.jpg 768w, https:\/\/sandovalpablo.com\/wp-content\/uploads\/2023\/12\/25-1086x1536.jpg 1086w, https:\/\/sandovalpablo.com\/wp-content\/uploads\/2023\/12\/25-1448x2048.jpg 1448w, https:\/\/sandovalpablo.com\/wp-content\/uploads\/2023\/12\/25-scaled.jpg 1810w\" sizes=\"(max-width: 724px) 100vw, 724px\" \/><\/figure>\n\n\n\n<figure class=\"wp-block-image size-large\"><img decoding=\"async\" loading=\"lazy\" width=\"724\" height=\"1024\" data-id=\"989\" src=\"https:\/\/sandovalpablo.com\/wp-content\/uploads\/2023\/12\/103-724x1024.jpg\" alt=\"\" class=\"wp-image-989\" srcset=\"https:\/\/sandovalpablo.com\/wp-content\/uploads\/2023\/12\/103-724x1024.jpg 724w, https:\/\/sandovalpablo.com\/wp-content\/uploads\/2023\/12\/103-212x300.jpg 212w, https:\/\/sandovalpablo.com\/wp-content\/uploads\/2023\/12\/103-768x1086.jpg 768w, https:\/\/sandovalpablo.com\/wp-content\/uploads\/2023\/12\/103-1086x1536.jpg 1086w, https:\/\/sandovalpablo.com\/wp-content\/uploads\/2023\/12\/103-1448x2048.jpg 1448w, https:\/\/sandovalpablo.com\/wp-content\/uploads\/2023\/12\/103-scaled.jpg 1810w\" sizes=\"(max-width: 724px) 100vw, 724px\" \/><\/figure>\n\n\n\n<figure class=\"wp-block-image size-large\"><img decoding=\"async\" loading=\"lazy\" width=\"724\" height=\"1024\" data-id=\"988\" src=\"https:\/\/sandovalpablo.com\/wp-content\/uploads\/2023\/12\/16-1-724x1024.jpg\" alt=\"\" class=\"wp-image-988\" srcset=\"https:\/\/sandovalpablo.com\/wp-content\/uploads\/2023\/12\/16-1-724x1024.jpg 724w, https:\/\/sandovalpablo.com\/wp-content\/uploads\/2023\/12\/16-1-212x300.jpg 212w, https:\/\/sandovalpablo.com\/wp-content\/uploads\/2023\/12\/16-1-768x1086.jpg 768w, https:\/\/sandovalpablo.com\/wp-content\/uploads\/2023\/12\/16-1-1086x1536.jpg 1086w, https:\/\/sandovalpablo.com\/wp-content\/uploads\/2023\/12\/16-1-1448x2048.jpg 1448w, https:\/\/sandovalpablo.com\/wp-content\/uploads\/2023\/12\/16-1-scaled.jpg 1810w\" sizes=\"(max-width: 724px) 100vw, 724px\" \/><\/figure>\n\n\n\n<figure class=\"wp-block-image size-large\"><img decoding=\"async\" loading=\"lazy\" width=\"724\" height=\"1024\" data-id=\"980\" src=\"https:\/\/sandovalpablo.com\/wp-content\/uploads\/2023\/12\/50-724x1024.jpg\" alt=\"\" class=\"wp-image-980\" srcset=\"https:\/\/sandovalpablo.com\/wp-content\/uploads\/2023\/12\/50-724x1024.jpg 724w, https:\/\/sandovalpablo.com\/wp-content\/uploads\/2023\/12\/50-212x300.jpg 212w, https:\/\/sandovalpablo.com\/wp-content\/uploads\/2023\/12\/50-768x1086.jpg 768w, https:\/\/sandovalpablo.com\/wp-content\/uploads\/2023\/12\/50-1086x1536.jpg 1086w, https:\/\/sandovalpablo.com\/wp-content\/uploads\/2023\/12\/50-1448x2048.jpg 1448w, https:\/\/sandovalpablo.com\/wp-content\/uploads\/2023\/12\/50-scaled.jpg 1810w\" sizes=\"(max-width: 724px) 100vw, 724px\" \/><\/figure>\n\n\n\n<figure class=\"wp-block-image size-large\"><img decoding=\"async\" loading=\"lazy\" width=\"724\" height=\"1024\" data-id=\"993\" src=\"https:\/\/sandovalpablo.com\/wp-content\/uploads\/2023\/12\/52-1-724x1024.jpg\" alt=\"\" class=\"wp-image-993\" srcset=\"https:\/\/sandovalpablo.com\/wp-content\/uploads\/2023\/12\/52-1-724x1024.jpg 724w, https:\/\/sandovalpablo.com\/wp-content\/uploads\/2023\/12\/52-1-212x300.jpg 212w, https:\/\/sandovalpablo.com\/wp-content\/uploads\/2023\/12\/52-1-768x1086.jpg 768w, https:\/\/sandovalpablo.com\/wp-content\/uploads\/2023\/12\/52-1-1086x1536.jpg 1086w, https:\/\/sandovalpablo.com\/wp-content\/uploads\/2023\/12\/52-1-1448x2048.jpg 1448w, https:\/\/sandovalpablo.com\/wp-content\/uploads\/2023\/12\/52-1-scaled.jpg 1810w\" sizes=\"(max-width: 724px) 100vw, 724px\" \/><\/figure>\n\n\n\n<figure class=\"wp-block-image size-large\"><img decoding=\"async\" loading=\"lazy\" width=\"724\" height=\"1024\" data-id=\"982\" src=\"https:\/\/sandovalpablo.com\/wp-content\/uploads\/2023\/12\/55-724x1024.jpg\" alt=\"\" class=\"wp-image-982\" srcset=\"https:\/\/sandovalpablo.com\/wp-content\/uploads\/2023\/12\/55-724x1024.jpg 724w, https:\/\/sandovalpablo.com\/wp-content\/uploads\/2023\/12\/55-212x300.jpg 212w, https:\/\/sandovalpablo.com\/wp-content\/uploads\/2023\/12\/55-768x1086.jpg 768w, https:\/\/sandovalpablo.com\/wp-content\/uploads\/2023\/12\/55-1086x1536.jpg 1086w, https:\/\/sandovalpablo.com\/wp-content\/uploads\/2023\/12\/55-1448x2048.jpg 1448w, https:\/\/sandovalpablo.com\/wp-content\/uploads\/2023\/12\/55-scaled.jpg 1810w\" sizes=\"(max-width: 724px) 100vw, 724px\" \/><\/figure>\n\n\n\n<figure class=\"wp-block-image size-large\"><img decoding=\"async\" loading=\"lazy\" width=\"724\" height=\"1024\" data-id=\"973\" src=\"http:\/\/sandovalpablo.com\/wp-content\/uploads\/2023\/12\/14-724x1024.jpg\" alt=\"\" class=\"wp-image-973\" srcset=\"https:\/\/sandovalpablo.com\/wp-content\/uploads\/2023\/12\/14-724x1024.jpg 724w, https:\/\/sandovalpablo.com\/wp-content\/uploads\/2023\/12\/14-212x300.jpg 212w, https:\/\/sandovalpablo.com\/wp-content\/uploads\/2023\/12\/14-scaled.jpg 1810w\" sizes=\"(max-width: 724px) 100vw, 724px\" \/><\/figure>\n<\/figure>\n\n\n\n<p><\/p>\n\n\n\n<figure class=\"wp-block-embed is-type-video is-provider-youtube wp-block-embed-youtube wp-embed-aspect-16-9 wp-has-aspect-ratio\"><div class=\"wp-block-embed__wrapper\">\n<div class=\"nv-iframe-embed\"><iframe loading=\"lazy\" title=\"Pablo Sandoval - Nuevo Cat\u00e1logo Messier ( Asteroide I)\" width=\"1200\" height=\"675\" src=\"https:\/\/www.youtube.com\/embed\/-OWzz5vnSgQ?feature=oembed\" frameborder=\"0\" allow=\"accelerometer; autoplay; clipboard-write; encrypted-media; gyroscope; picture-in-picture; web-share\" allowfullscreen><\/iframe><\/div>\n<\/div><\/figure>\n\n\n\n<p><\/p>\n\n\n\n<figure class=\"wp-block-embed is-type-video is-provider-youtube wp-block-embed-youtube wp-embed-aspect-16-9 wp-has-aspect-ratio\"><div class=\"wp-block-embed__wrapper\">\n<div class=\"nv-iframe-embed\"><iframe loading=\"lazy\" title=\"Pablo Sandoval - Nuevo Cat\u00e1logo Messier (Documental)\" width=\"1200\" height=\"675\" src=\"https:\/\/www.youtube.com\/embed\/cwmMon-L6WI?feature=oembed\" frameborder=\"0\" allow=\"accelerometer; autoplay; clipboard-write; encrypted-media; gyroscope; picture-in-picture; web-share\" allowfullscreen><\/iframe><\/div>\n<\/div><\/figure>\n","protected":false},"excerpt":{"rendered":"<p>El nuevo cat\u00e1logo Messier110 infograf\u00edas y v\u00eddeo, medidas variables, 2023<\/p>\n","protected":false},"author":1,"featured_media":0,"parent":0,"menu_order":0,"comment_status":"closed","ping_status":"closed","template":"","meta":{"_monsterinsights_skip_tracking":false,"_monsterinsights_sitenote_active":false,"_monsterinsights_sitenote_note":"","_monsterinsights_sitenote_category":0,"footnotes":""},"_links":{"self":[{"href":"https:\/\/sandovalpablo.com\/index.php?rest_route=\/wp\/v2\/pages\/898"}],"collection":[{"href":"https:\/\/sandovalpablo.com\/index.php?rest_route=\/wp\/v2\/pages"}],"about":[{"href":"https:\/\/sandovalpablo.com\/index.php?rest_route=\/wp\/v2\/types\/page"}],"author":[{"embeddable":true,"href":"https:\/\/sandovalpablo.com\/index.php?rest_route=\/wp\/v2\/users\/1"}],"replies":[{"embeddable":true,"href":"https:\/\/sandovalpablo.com\/index.php?rest_route=%2Fwp%2Fv2%2Fcomments&post=898"}],"version-history":[{"count":7,"href":"https:\/\/sandovalpablo.com\/index.php?rest_route=\/wp\/v2\/pages\/898\/revisions"}],"predecessor-version":[{"id":998,"href":"https:\/\/sandovalpablo.com\/index.php?rest_route=\/wp\/v2\/pages\/898\/revisions\/998"}],"wp:attachment":[{"href":"https:\/\/sandovalpablo.com\/index.php?rest_route=%2Fwp%2Fv2%2Fmedia&parent=898"}],"curies":[{"name":"wp","href":"https:\/\/api.w.org\/{rel}","templated":true}]}}