{"id":647,"date":"2020-05-07T16:47:00","date_gmt":"2020-05-07T16:47:00","guid":{"rendered":"http:\/\/sandovalpablo.com\/?page_id=647"},"modified":"2023-08-23T14:52:46","modified_gmt":"2023-08-23T14:52:46","slug":"la-extraccion-de-la-locura","status":"publish","type":"page","link":"https:\/\/sandovalpablo.com\/?page_id=647","title":{"rendered":"La extracci\u00f3n de la locura"},"content":{"rendered":"\n<p><strong><em>La extracci\u00f3n de la locura<br><\/em><\/strong>V\u00eddeo e im\u00e1genes, 29,7 x 42 cm, 2019<\/p>\n\n\n\n<figure class=\"wp-block-gallery has-nested-images columns-default is-cropped wp-block-gallery-1 is-layout-flex wp-block-gallery-is-layout-flex\">\n<figure class=\"wp-block-image size-large\"><img decoding=\"async\" loading=\"lazy\" width=\"1024\" height=\"768\" data-id=\"658\" src=\"https:\/\/sandovalpablo.com\/wp-content\/uploads\/2020\/05\/Libro-imprimir-1024x768.jpg\" alt=\"\" class=\"wp-image-658\" srcset=\"https:\/\/sandovalpablo.com\/wp-content\/uploads\/2020\/05\/Libro-imprimir-1024x768.jpg 1024w, https:\/\/sandovalpablo.com\/wp-content\/uploads\/2020\/05\/Libro-imprimir-300x225.jpg 300w, https:\/\/sandovalpablo.com\/wp-content\/uploads\/2020\/05\/Libro-imprimir-768x576.jpg 768w\" sizes=\"(max-width: 1024px) 100vw, 1024px\" \/><\/figure>\n\n\n\n<figure class=\"wp-block-image size-large\"><img decoding=\"async\" loading=\"lazy\" width=\"1024\" height=\"768\" data-id=\"657\" src=\"https:\/\/sandovalpablo.com\/wp-content\/uploads\/2020\/05\/Espada-imprimir-1024x768.jpg\" alt=\"\" class=\"wp-image-657\" srcset=\"https:\/\/sandovalpablo.com\/wp-content\/uploads\/2020\/05\/Espada-imprimir-1024x768.jpg 1024w, https:\/\/sandovalpablo.com\/wp-content\/uploads\/2020\/05\/Espada-imprimir-300x225.jpg 300w, https:\/\/sandovalpablo.com\/wp-content\/uploads\/2020\/05\/Espada-imprimir-768x576.jpg 768w\" sizes=\"(max-width: 1024px) 100vw, 1024px\" \/><\/figure>\n\n\n\n<figure class=\"wp-block-image size-large\"><img decoding=\"async\" loading=\"lazy\" width=\"1024\" height=\"768\" data-id=\"655\" src=\"https:\/\/sandovalpablo.com\/wp-content\/uploads\/2020\/05\/Flor-imprimir-1024x768.jpg\" alt=\"\" class=\"wp-image-655\" srcset=\"https:\/\/sandovalpablo.com\/wp-content\/uploads\/2020\/05\/Flor-imprimir-1024x768.jpg 1024w, https:\/\/sandovalpablo.com\/wp-content\/uploads\/2020\/05\/Flor-imprimir-300x225.jpg 300w, https:\/\/sandovalpablo.com\/wp-content\/uploads\/2020\/05\/Flor-imprimir-768x576.jpg 768w\" sizes=\"(max-width: 1024px) 100vw, 1024px\" \/><\/figure>\n\n\n\n<figure class=\"wp-block-image size-large\"><img decoding=\"async\" loading=\"lazy\" width=\"1024\" height=\"768\" data-id=\"653\" src=\"https:\/\/sandovalpablo.com\/wp-content\/uploads\/2020\/05\/Embudo-imprimir-1024x768.jpg\" alt=\"\" class=\"wp-image-653\" srcset=\"https:\/\/sandovalpablo.com\/wp-content\/uploads\/2020\/05\/Embudo-imprimir-1024x768.jpg 1024w, https:\/\/sandovalpablo.com\/wp-content\/uploads\/2020\/05\/Embudo-imprimir-300x225.jpg 300w, https:\/\/sandovalpablo.com\/wp-content\/uploads\/2020\/05\/Embudo-imprimir-768x576.jpg 768w\" sizes=\"(max-width: 1024px) 100vw, 1024px\" \/><\/figure>\n\n\n\n<figure class=\"wp-block-image size-large\"><img decoding=\"async\" loading=\"lazy\" width=\"1024\" height=\"768\" data-id=\"516\" src=\"https:\/\/sandovalpablo.com\/wp-content\/uploads\/2020\/05\/Alicates-imprimir-1024x768.jpg\" alt=\"\" class=\"wp-image-516\" srcset=\"https:\/\/sandovalpablo.com\/wp-content\/uploads\/2020\/05\/Alicates-imprimir-1024x768.jpg 1024w, https:\/\/sandovalpablo.com\/wp-content\/uploads\/2020\/05\/Alicates-imprimir-300x225.jpg 300w, https:\/\/sandovalpablo.com\/wp-content\/uploads\/2020\/05\/Alicates-imprimir-768x576.jpg 768w\" sizes=\"(max-width: 1024px) 100vw, 1024px\" \/><\/figure>\n\n\n\n<figure class=\"wp-block-image size-large\"><img decoding=\"async\" loading=\"lazy\" width=\"1024\" height=\"768\" data-id=\"518\" src=\"https:\/\/sandovalpablo.com\/wp-content\/uploads\/2020\/05\/Sin-t\u00edtulo-1-1024x768.jpg\" alt=\"\" class=\"wp-image-518\" srcset=\"https:\/\/sandovalpablo.com\/wp-content\/uploads\/2020\/05\/Sin-t\u00edtulo-1-1024x768.jpg 1024w, https:\/\/sandovalpablo.com\/wp-content\/uploads\/2020\/05\/Sin-t\u00edtulo-1-300x225.jpg 300w, https:\/\/sandovalpablo.com\/wp-content\/uploads\/2020\/05\/Sin-t\u00edtulo-1-768x576.jpg 768w\" sizes=\"(max-width: 1024px) 100vw, 1024px\" \/><\/figure>\n<\/figure>\n\n\n\n<p><\/p>\n\n\n\n<figure><iframe loading=\"lazy\" src=\"https:\/\/player.vimeo.com\/video\/333355090\" width=\"640\" height=\"564\" allowfullscreen=\"\"><\/iframe><\/figure>\n","protected":false},"excerpt":{"rendered":"<p>La extracci\u00f3n de la locuraV\u00eddeo e im\u00e1genes, 29,7 x 42 cm, 2019<\/p>\n","protected":false},"author":1,"featured_media":0,"parent":0,"menu_order":0,"comment_status":"closed","ping_status":"closed","template":"","meta":{"_monsterinsights_skip_tracking":false,"_monsterinsights_sitenote_active":false,"_monsterinsights_sitenote_note":"","_monsterinsights_sitenote_category":0,"footnotes":""},"_links":{"self":[{"href":"https:\/\/sandovalpablo.com\/index.php?rest_route=\/wp\/v2\/pages\/647"}],"collection":[{"href":"https:\/\/sandovalpablo.com\/index.php?rest_route=\/wp\/v2\/pages"}],"about":[{"href":"https:\/\/sandovalpablo.com\/index.php?rest_route=\/wp\/v2\/types\/page"}],"author":[{"embeddable":true,"href":"https:\/\/sandovalpablo.com\/index.php?rest_route=\/wp\/v2\/users\/1"}],"replies":[{"embeddable":true,"href":"https:\/\/sandovalpablo.com\/index.php?rest_route=%2Fwp%2Fv2%2Fcomments&post=647"}],"version-history":[{"count":6,"href":"https:\/\/sandovalpablo.com\/index.php?rest_route=\/wp\/v2\/pages\/647\/revisions"}],"predecessor-version":[{"id":815,"href":"https:\/\/sandovalpablo.com\/index.php?rest_route=\/wp\/v2\/pages\/647\/revisions\/815"}],"wp:attachment":[{"href":"https:\/\/sandovalpablo.com\/index.php?rest_route=%2Fwp%2Fv2%2Fmedia&parent=647"}],"curies":[{"name":"wp","href":"https:\/\/api.w.org\/{rel}","templated":true}]}}